{"id":2,"date":"2021-03-18T00:53:15","date_gmt":"2021-03-18T00:53:15","guid":{"rendered":"http:\/\/lafittetaekwondo.com\/?page_id=2"},"modified":"2021-03-20T00:35:46","modified_gmt":"2021-03-20T00:35:46","slug":"pagina-ejemplo","status":"publish","type":"page","link":"https:\/\/lafittetaekwondo.com\/index.php\/pagina-ejemplo\/","title":{"rendered":"INICIO"},"content":{"rendered":"\n<p>En<a href=\"https:\/\/web.archive.org\/web\/20210119140031\/https:\/\/www.facebook.com\/lafittetkd\/\"><strong>\u00a0Lafitte Taekwondo<\/strong><\/a>\u00a0 formamos ni\u00f1os sanos, por medio del arte marcial coreano y ahora deporte olimpico de combate. Inicia en el mundo del\u00a0<strong>Taekwondo<\/strong>\u00a0con una metodolog\u00eda especializada de forma virtual ON-LINE (Zoom Pro) ahora en todo el Per\u00fa y cualquier parte del mundo. Tambi\u00e9n de forma Presencial en su \u00fanica sede ubicada en Arequipa, consulta tu matricula en cualquiera de nuestros grupos, con cupo limitado. Interact\u00faa con compa\u00f1eros de todo el Per\u00fa, M\u00e9xico\u00a0y Estados Unidos.<\/p>\n","protected":false},"excerpt":{"rendered":"<p>En\u00a0Lafitte Taekwondo\u00a0 formamos ni\u00f1os sanos, por medio del arte marcial coreano y ahora deporte olimpico de combate. Inicia en el mundo del\u00a0Taekwondo\u00a0con una metodolog\u00eda especializada de forma virtual ON-LINE (Zoom Pro) ahora en todo el Per\u00fa y cualquier parte del mundo. Tambi\u00e9n de forma Presencial en su \u00fanica sede ubicada en Arequipa, consulta tu matricula [&hellip;]<\/p>\n","protected":false},"author":1,"featured_media":0,"parent":0,"menu_order":0,"comment_status":"closed","ping_status":"open","template":"","meta":{"footnotes":""},"class_list":["post-2","page","type-page","status-publish","hentry"],"aioseo_notices":[],"_links":{"self":[{"href":"https:\/\/lafittetaekwondo.com\/index.php\/wp-json\/wp\/v2\/pages\/2"}],"collection":[{"href":"https:\/\/lafittetaekwondo.com\/index.php\/wp-json\/wp\/v2\/pages"}],"about":[{"href":"https:\/\/lafittetaekwondo.com\/index.php\/wp-json\/wp\/v2\/types\/page"}],"author":[{"embeddable":true,"href":"https:\/\/lafittetaekwondo.com\/index.php\/wp-json\/wp\/v2\/users\/1"}],"replies":[{"embeddable":true,"href":"https:\/\/lafittetaekwondo.com\/index.php\/wp-json\/wp\/v2\/comments?post=2"}],"version-history":[{"count":1,"href":"https:\/\/lafittetaekwondo.com\/index.php\/wp-json\/wp\/v2\/pages\/2\/revisions"}],"predecessor-version":[{"id":32,"href":"https:\/\/lafittetaekwondo.com\/index.php\/wp-json\/wp\/v2\/pages\/2\/revisions\/32"}],"wp:attachment":[{"href":"https:\/\/lafittetaekwondo.com\/index.php\/wp-json\/wp\/v2\/media?parent=2"}],"curies":[{"name":"wp","href":"https:\/\/api.w.org\/{rel}","templated":true}]}}